{"id":11,"date":"2017-10-27T10:04:13","date_gmt":"2017-10-27T10:04:13","guid":{"rendered":"http:\/\/konkurs-zlota11.sarp.warszawa.pl\/?page_id=11"},"modified":"2019-09-23T12:08:38","modified_gmt":"2019-09-23T10:08:38","slug":"regulamin-konkursu","status":"publish","type":"page","link":"http:\/\/konkurs-plock.sarp.warszawa.pl\/index.php\/regulamin-konkursu\/","title":{"rendered":"Regulamin konkursu"},"content":{"rendered":"\n<p><a aria-label=\"Regulamin (otwiera si\u0119 na nowej zak\u0142adce)\" rel=\"noreferrer noopener\" href=\"http:\/\/konkurs-plock.sarp.warszawa.pl\/wp-content\/uploads\/2019\/06\/REGULAMIN_KONKURSU_SALA_KONCERTOWA_P\u0141OCK.pdf\" target=\"_blank\">Regulamin<\/a><br><a aria-label=\" (otwiera si\u0119 na nowej zak\u0142adce)\" rel=\"noreferrer noopener\" href=\"http:\/\/konkurs-plock.sarp.warszawa.pl\/wp-content\/uploads\/2019\/06\/Zalacznik_do_Regulaminu_nr_1_do_9.zip\" target=\"_blank\">Za\u0142\u0105czniki do Regulaminu 1 do 9<\/a><br><a aria-label=\"Za\u0142\u0105cznik do Regulaminu nr 10a (otwiera si\u0119 na nowej zak\u0142adce)\" rel=\"noreferrer noopener\" href=\"http:\/\/konkurs-plock.sarp.warszawa.pl\/wp-content\/uploads\/2019\/06\/Zalacznik_do_Regulaminu_nr_10a_mapa_zakres.zip\" target=\"_blank\">Za\u0142\u0105cznik do Regulaminu nr 10a<\/a> <br><a href=\"http:\/\/konkurs-plock.sarp.warszawa.pl\/wp-content\/uploads\/2019\/06\/Zalacznik_do_Regulaminu_nr_10b_wytyczne.pdf\">Za\u0142\u0105cznik do <\/a><a aria-label=\"Regulaminu  (otwiera si\u0119 na nowej zak\u0142adce)\" rel=\"noreferrer noopener\" href=\"http:\/\/konkurs-plock.sarp.warszawa.pl\/wp-content\/uploads\/2019\/06\/Zalacznik_do_Regulaminu_nr_10b_wytyczne.pdf\" target=\"_blank\">Regulaminu <\/a><a href=\"http:\/\/konkurs-plock.sarp.warszawa.pl\/wp-content\/uploads\/2019\/06\/Zalacznik_do_Regulaminu_nr_10b_wytyczne.pdf\">nr 10b<\/a><br><a aria-label=\"Za\u0142\u0105cznik do Regulaminu nr 10c  (otwiera si\u0119 na nowej zak\u0142adce)\" rel=\"noreferrer noopener\" href=\"http:\/\/rozwojmiasta.plock.eu\/?page_id=310\" target=\"_blank\">Za\u0142\u0105cznik do Regulaminu nr 10c <\/a><br><a aria-label=\"Za\u0142\u0105cznik do Regulaminu nr 10d (otwiera si\u0119 na nowej zak\u0142adce)\" rel=\"noreferrer noopener\" href=\"http:\/\/konkurs-plock.sarp.warszawa.pl\/wp-content\/uploads\/2019\/06\/Zalacznik_do_Regulaminu_nr_10d_Raport_warszaty.pdf\" target=\"_blank\">Za\u0142\u0105cznik do Regulaminu nr 10d<\/a><br><a aria-label=\"Za\u0142\u0105cznik do Regulaminu nr 10e (otwiera si\u0119 na nowej zak\u0142adce)\" rel=\"noreferrer noopener\" href=\"http:\/\/konkurs-plock.sarp.warszawa.pl\/wp-content\/uploads\/2019\/06\/Zalacznik_do_Regulaminu_nr_10e_Projket_PALMETT.pdf\" target=\"_blank\">Za\u0142\u0105cznik do Regulaminu nr 10e<\/a><br><a aria-label=\"Za\u0142\u0105cznik do Regulaminu nr 10f  (otwiera si\u0119 na nowej zak\u0142adce)\" rel=\"noreferrer noopener\" href=\"http:\/\/rozwojmiasta.plock.eu\/?page_id=4450\" target=\"_blank\">Za\u0142\u0105cznik do Regulaminu nr 10f <\/a><br><a aria-label=\"Za\u0142\u0105cznik do Regulaminu nr 10g  (otwiera si\u0119 na nowej zak\u0142adce)\" rel=\"noreferrer noopener\" href=\"http:\/\/rozwojmiasta.plock.eu\/?page_id=1372\" target=\"_blank\">Za\u0142\u0105cznik do Regulaminu nr 10g <\/a><br><a aria-label=\"Za\u0142\u0105cznik do Regulaminu nr 10h (otwiera si\u0119 na nowej zak\u0142adce)\" rel=\"noreferrer noopener\" href=\"http:\/\/konkurs-plock.sarp.warszawa.pl\/wp-content\/uploads\/2019\/06\/Zalacznik_do_Regulaminu_nr_10h_Wytyczne-konserwator.pdf\" target=\"_blank\">Za\u0142\u0105cznik do Regulaminu nr 10h<\/a><br><a aria-label=\" (otwiera si\u0119 na nowej zak\u0142adce)\" rel=\"noreferrer noopener\" href=\"https:\/\/docs.google.com\/viewer?url=http%3A%2F%2Fkonkurs-plock.sarp.warszawa.pl%2Fwp-content%2Fuploads%2F2019%2F08%2FZalacznik_do_Regualminu_nr_10i_Tabela.xlsx\" target=\"_blank\">Za\u0142\u0105cznik do Regulaminu nr 10i<\/a> <br><a aria-label=\"Za\u0142\u0105cznik do Regulaminu nr 10j (otwiera si\u0119 na nowej zak\u0142adce)\" rel=\"noreferrer noopener\" href=\"http:\/\/konkurs-plock.sarp.warszawa.pl\/wp-content\/uploads\/2019\/06\/Zalacznik_do_Regulaminu_nr_10j_Mapa_pogladowa.jpg\" target=\"_blank\">Za\u0142\u0105cznik do Regulaminu nr 10j<\/a><br><a rel=\"noreferrer noopener\" href=\"http:\/\/konkurs-plock.sarp.warszawa.pl\/wp-content\/uploads\/2019\/09\/Model_3d_teren_opracowania.zip\" target=\"_blank\">Model_3d_teren_opracowania.zip<\/a><br><a rel=\"noreferrer noopener\" href=\"http:\/\/konkurs-plock.sarp.warszawa.pl\/wp-content\/uploads\/2019\/09\/Zalacznik_do_Regulaminu_nr_10j_Mapa_pogladowa_DWG.zip\" target=\"_blank\">Zalacznik_do_Regulaminu_nr_10j_Mapa_pogladowa_DWG.zip<\/a><br><a rel=\"noreferrer noopener\" href=\"http:\/\/konkurs-plock.sarp.warszawa.pl\/wp-content\/uploads\/2019\/09\/Zdj\u0119cia-z-drona_Plac_Nowy_Rynek_P\u0142ock.zip\" target=\"_blank\">Zdj\u0119cia-z-drona_Plac_Nowy_Rynek_P\u0142ock.zip<\/a><\/p>\n","protected":false},"excerpt":{"rendered":"<p>RegulaminZa\u0142\u0105czniki do Regulaminu 1 do 9Za\u0142\u0105cznik do Regulaminu nr 10a Za\u0142\u0105cznik do Regulaminu nr 10bZa\u0142\u0105cznik do Regulaminu nr 10c Za\u0142\u0105cznik do Regulaminu nr 10dZa\u0142\u0105cznik do Regulaminu nr 10eZa\u0142\u0105cznik do Regulaminu nr 10f Za\u0142\u0105cznik do Regulaminu nr 10g Za\u0142\u0105cznik do Regulaminu<span class=\"ellipsis\">&hellip;<\/span><\/p>\n<div class=\"read-more\"><a href=\"http:\/\/konkurs-plock.sarp.warszawa.pl\/index.php\/regulamin-konkursu\/\">Czytaj wi\u0119cej <span class=\"screen-reader-text\">Regulamin konkursu<\/span><span class=\"meta-nav\"> &#8250;<\/span><\/a><\/div>\n<p><!-- end of .read-more --><\/p>\n","protected":false},"author":1,"featured_media":0,"parent":0,"menu_order":0,"comment_status":"closed","ping_status":"closed","template":"","meta":[],"_links":{"self":[{"href":"http:\/\/konkurs-plock.sarp.warszawa.pl\/index.php\/wp-json\/wp\/v2\/pages\/11"}],"collection":[{"href":"http:\/\/konkurs-plock.sarp.warszawa.pl\/index.php\/wp-json\/wp\/v2\/pages"}],"about":[{"href":"http:\/\/konkurs-plock.sarp.warszawa.pl\/index.php\/wp-json\/wp\/v2\/types\/page"}],"author":[{"embeddable":true,"href":"http:\/\/konkurs-plock.sarp.warszawa.pl\/index.php\/wp-json\/wp\/v2\/users\/1"}],"replies":[{"embeddable":true,"href":"http:\/\/konkurs-plock.sarp.warszawa.pl\/index.php\/wp-json\/wp\/v2\/comments?post=11"}],"version-history":[{"count":9,"href":"http:\/\/konkurs-plock.sarp.warszawa.pl\/index.php\/wp-json\/wp\/v2\/pages\/11\/revisions"}],"predecessor-version":[{"id":262,"href":"http:\/\/konkurs-plock.sarp.warszawa.pl\/index.php\/wp-json\/wp\/v2\/pages\/11\/revisions\/262"}],"wp:attachment":[{"href":"http:\/\/konkurs-plock.sarp.warszawa.pl\/index.php\/wp-json\/wp\/v2\/media?parent=11"}],"curies":[{"name":"wp","href":"https:\/\/api.w.org\/{rel}","templated":true}]}}